{"id":2,"date":"2022-05-25T09:34:21","date_gmt":"2022-05-25T09:34:21","guid":{"rendered":"https:\/\/kcpoettmes.de\/?page_id=2"},"modified":"2026-04-07T12:32:06","modified_gmt":"2026-04-07T12:32:06","slug":"sample-page","status":"publish","type":"page","link":"https:\/\/kcpoettmes.de\/","title":{"rendered":"Kegelclub P\u00f6ttmes 1919 e.V."},"content":{"rendered":"\n<h1 class=\"wp-block-heading has-text-align-center\"><strong>Herzlich Willkommen auf der Homepage des KC P\u00f6ttmes<\/strong><\/h1>\n\n\n<div class=\"wp-block-image\">\n<figure class=\"aligncenter size-large\"><img loading=\"lazy\" decoding=\"async\" width=\"1024\" height=\"223\" src=\"https:\/\/kcpoettmes.de\/wp-content\/uploads\/2026\/04\/ggdfsf-1024x223.jpg\" alt=\"\" class=\"wp-image-100\" srcset=\"https:\/\/kcpoettmes.de\/wp-content\/uploads\/2026\/04\/ggdfsf-1024x223.jpg 1024w, https:\/\/kcpoettmes.de\/wp-content\/uploads\/2026\/04\/ggdfsf-300x65.jpg 300w, https:\/\/kcpoettmes.de\/wp-content\/uploads\/2026\/04\/ggdfsf-768x167.jpg 768w, https:\/\/kcpoettmes.de\/wp-content\/uploads\/2026\/04\/ggdfsf-1536x334.jpg 1536w, https:\/\/kcpoettmes.de\/wp-content\/uploads\/2026\/04\/ggdfsf.jpg 1888w\" sizes=\"auto, (max-width: 1024px) 100vw, 1024px\" \/><\/figure>\n<\/div>\n\n\n<p class=\"has-text-align-center\">Habt Ihr Interesse regelm\u00e4\u00dfig bei uns zu trainieren und am Spielbetrieb teilzunehmen?<\/p>\n\n\n\n<p class=\"has-text-align-center\">Dann kommt doch an unserem Trainingstagen jeweils Dienstags ab 17:30 Uhr und Donnerstags ab 17:30 Uhr im <\/p>\n\n\n\n<p class=\"has-text-align-center\">Keglerheim P\u00f6ttmes, Am Galgenfeld 4, 86554 P\u00f6ttmes <\/p>\n\n\n\n<p class=\"has-text-align-center\">vorbei oder vereinbart vorab ein Probetraining bei uns:<\/p>\n\n\n\n<p class=\"has-text-align-center\">E-Mail an:\u00a0<a href=\"mailto:office@skc-germanen.de\"><a href=\"https:\/\/kcpoettmes.de:8443\/smb\/email-address\/edit\/id\/51\">info@kcpoettmes.de<\/a><\/a><\/p>\n\n\n\n<p class=\"has-text-align-center\">Telefon: 08253\/927600<\/p>\n\n\n\n<p><\/p>\n\n\n\n<p><\/p>\n\n\n\n<p><\/p>\n","protected":false},"excerpt":{"rendered":"<p>Herzlich Willkommen auf der Homepage des KC P\u00f6ttmes Habt Ihr Interesse regelm\u00e4\u00dfig bei uns zu trainieren und am Spielbetrieb teilzunehmen? Dann kommt doch an unserem Trainingstagen jeweils Dienstags ab 17:30 Uhr und Donnerstags ab 17:30 Uhr im Keglerheim P\u00f6ttmes, Am Galgenfeld 4, 86554 P\u00f6ttmes vorbei oder vereinbart vorab ein Probetraining bei uns: E-Mail an:\u00a0info@kcpoettmes.de Telefon:&#8230;<\/p>\n","protected":false},"author":1,"featured_media":0,"parent":0,"menu_order":0,"comment_status":"closed","ping_status":"open","template":"","meta":{"_kad_blocks_custom_css":"","_kad_blocks_head_custom_js":"","_kad_blocks_body_custom_js":"","_kad_blocks_footer_custom_js":"","_kad_post_transparent":"","_kad_post_title":"","_kad_post_layout":"","_kad_post_sidebar_id":"","_kad_post_content_style":"","_kad_post_vertical_padding":"","_kad_post_feature":"","_kad_post_feature_position":"","_kad_post_header":false,"_kad_post_footer":false,"_kad_post_classname":"","footnotes":""},"class_list":["post-2","page","type-page","status-publish","hentry"],"yoast_head":"<!-- This site is optimized with the Yoast SEO plugin v27.3 - https:\/\/yoast.com\/product\/yoast-seo-wordpress\/ -->\n<title>Kegelclub P\u00f6ttmes 1919 e.V. - Kegelclub P\u00f6ttmes 1919 e.V.<\/title>\n<meta name=\"robots\" content=\"index, follow, max-snippet:-1, max-image-preview:large, max-video-preview:-1\" \/>\n<link rel=\"canonical\" href=\"https:\/\/kcpoettmes.de\/\" \/>\n<meta property=\"og:locale\" content=\"de_DE\" \/>\n<meta property=\"og:type\" content=\"article\" \/>\n<meta property=\"og:title\" content=\"Kegelclub P\u00f6ttmes 1919 e.V. - Kegelclub P\u00f6ttmes 1919 e.V.\" \/>\n<meta property=\"og:description\" content=\"Herzlich Willkommen auf der Homepage des KC P\u00f6ttmes Habt Ihr Interesse regelm\u00e4\u00dfig bei uns zu trainieren und am Spielbetrieb teilzunehmen? Dann kommt doch an unserem Trainingstagen jeweils Dienstags ab 17:30 Uhr und Donnerstags ab 17:30 Uhr im Keglerheim P\u00f6ttmes, Am Galgenfeld 4, 86554 P\u00f6ttmes vorbei oder vereinbart vorab ein Probetraining bei uns: E-Mail an:\u00a0info@kcpoettmes.de Telefon:...\" \/>\n<meta property=\"og:url\" content=\"https:\/\/kcpoettmes.de\/\" \/>\n<meta property=\"og:site_name\" content=\"Kegelclub P\u00f6ttmes 1919 e.V.\" \/>\n<meta property=\"article:modified_time\" content=\"2026-04-07T12:32:06+00:00\" \/>\n<meta property=\"og:image\" content=\"https:\/\/kcpoettmes.de\/wp-content\/uploads\/2026\/04\/ggdfsf.jpg\" \/>\n\t<meta property=\"og:image:width\" content=\"1888\" \/>\n\t<meta property=\"og:image:height\" content=\"411\" \/>\n\t<meta property=\"og:image:type\" content=\"image\/jpeg\" \/>\n<meta name=\"twitter:card\" content=\"summary_large_image\" \/>\n<meta name=\"twitter:label1\" content=\"Gesch\u00e4tzte Lesezeit\" \/>\n\t<meta name=\"twitter:data1\" content=\"1\u00a0Minute\" \/>\n<script type=\"application\/ld+json\" class=\"yoast-schema-graph\">{\"@context\":\"https:\\\/\\\/schema.org\",\"@graph\":[{\"@type\":\"WebPage\",\"@id\":\"https:\\\/\\\/kcpoettmes.de\\\/\",\"url\":\"https:\\\/\\\/kcpoettmes.de\\\/\",\"name\":\"Kegelclub P\u00f6ttmes 1919 e.V. - Kegelclub P\u00f6ttmes 1919 e.V.\",\"isPartOf\":{\"@id\":\"https:\\\/\\\/kcpoettmes.de\\\/#website\"},\"primaryImageOfPage\":{\"@id\":\"https:\\\/\\\/kcpoettmes.de\\\/#primaryimage\"},\"image\":{\"@id\":\"https:\\\/\\\/kcpoettmes.de\\\/#primaryimage\"},\"thumbnailUrl\":\"https:\\\/\\\/kcpoettmes.de\\\/wp-content\\\/uploads\\\/2026\\\/04\\\/ggdfsf-1024x223.jpg\",\"datePublished\":\"2022-05-25T09:34:21+00:00\",\"dateModified\":\"2026-04-07T12:32:06+00:00\",\"breadcrumb\":{\"@id\":\"https:\\\/\\\/kcpoettmes.de\\\/#breadcrumb\"},\"inLanguage\":\"de\",\"potentialAction\":[{\"@type\":\"ReadAction\",\"target\":[\"https:\\\/\\\/kcpoettmes.de\\\/\"]}]},{\"@type\":\"ImageObject\",\"inLanguage\":\"de\",\"@id\":\"https:\\\/\\\/kcpoettmes.de\\\/#primaryimage\",\"url\":\"https:\\\/\\\/kcpoettmes.de\\\/wp-content\\\/uploads\\\/2026\\\/04\\\/ggdfsf.jpg\",\"contentUrl\":\"https:\\\/\\\/kcpoettmes.de\\\/wp-content\\\/uploads\\\/2026\\\/04\\\/ggdfsf.jpg\",\"width\":1888,\"height\":411},{\"@type\":\"BreadcrumbList\",\"@id\":\"https:\\\/\\\/kcpoettmes.de\\\/#breadcrumb\",\"itemListElement\":[{\"@type\":\"ListItem\",\"position\":1,\"name\":\"Startseite\",\"item\":\"https:\\\/\\\/kcpoettmes.de\\\/\"},{\"@type\":\"ListItem\",\"position\":2,\"name\":\"Kegelclub P\u00f6ttmes 1919 e.V.\"}]},{\"@type\":\"WebSite\",\"@id\":\"https:\\\/\\\/kcpoettmes.de\\\/#website\",\"url\":\"https:\\\/\\\/kcpoettmes.de\\\/\",\"name\":\"Kegelclub P\u00f6ttmes 1919 e.V.\",\"description\":\"Just another WordPress site\",\"publisher\":{\"@id\":\"https:\\\/\\\/kcpoettmes.de\\\/#organization\"},\"potentialAction\":[{\"@type\":\"SearchAction\",\"target\":{\"@type\":\"EntryPoint\",\"urlTemplate\":\"https:\\\/\\\/kcpoettmes.de\\\/?s={search_term_string}\"},\"query-input\":{\"@type\":\"PropertyValueSpecification\",\"valueRequired\":true,\"valueName\":\"search_term_string\"}}],\"inLanguage\":\"de\"},{\"@type\":\"Organization\",\"@id\":\"https:\\\/\\\/kcpoettmes.de\\\/#organization\",\"name\":\"Kegelclub P\u00f6ttmes 1919 e.V.\",\"url\":\"https:\\\/\\\/kcpoettmes.de\\\/\",\"logo\":{\"@type\":\"ImageObject\",\"inLanguage\":\"de\",\"@id\":\"https:\\\/\\\/kcpoettmes.de\\\/#\\\/schema\\\/logo\\\/image\\\/\",\"url\":\"https:\\\/\\\/kcpoettmes.de\\\/wp-content\\\/uploads\\\/2022\\\/05\\\/cropped-kc-headimage-e1653492162842.jpg\",\"contentUrl\":\"https:\\\/\\\/kcpoettmes.de\\\/wp-content\\\/uploads\\\/2022\\\/05\\\/cropped-kc-headimage-e1653492162842.jpg\",\"width\":979,\"height\":155,\"caption\":\"Kegelclub P\u00f6ttmes 1919 e.V.\"},\"image\":{\"@id\":\"https:\\\/\\\/kcpoettmes.de\\\/#\\\/schema\\\/logo\\\/image\\\/\"}}]}<\/script>\n<!-- \/ Yoast SEO plugin. -->","yoast_head_json":{"title":"Kegelclub P\u00f6ttmes 1919 e.V. - Kegelclub P\u00f6ttmes 1919 e.V.","robots":{"index":"index","follow":"follow","max-snippet":"max-snippet:-1","max-image-preview":"max-image-preview:large","max-video-preview":"max-video-preview:-1"},"canonical":"https:\/\/kcpoettmes.de\/","og_locale":"de_DE","og_type":"article","og_title":"Kegelclub P\u00f6ttmes 1919 e.V. - Kegelclub P\u00f6ttmes 1919 e.V.","og_description":"Herzlich Willkommen auf der Homepage des KC P\u00f6ttmes Habt Ihr Interesse regelm\u00e4\u00dfig bei uns zu trainieren und am Spielbetrieb teilzunehmen? Dann kommt doch an unserem Trainingstagen jeweils Dienstags ab 17:30 Uhr und Donnerstags ab 17:30 Uhr im Keglerheim P\u00f6ttmes, Am Galgenfeld 4, 86554 P\u00f6ttmes vorbei oder vereinbart vorab ein Probetraining bei uns: E-Mail an:\u00a0info@kcpoettmes.de Telefon:...","og_url":"https:\/\/kcpoettmes.de\/","og_site_name":"Kegelclub P\u00f6ttmes 1919 e.V.","article_modified_time":"2026-04-07T12:32:06+00:00","og_image":[{"width":1888,"height":411,"url":"https:\/\/kcpoettmes.de\/wp-content\/uploads\/2026\/04\/ggdfsf.jpg","type":"image\/jpeg"}],"twitter_card":"summary_large_image","twitter_misc":{"Gesch\u00e4tzte Lesezeit":"1\u00a0Minute"},"schema":{"@context":"https:\/\/schema.org","@graph":[{"@type":"WebPage","@id":"https:\/\/kcpoettmes.de\/","url":"https:\/\/kcpoettmes.de\/","name":"Kegelclub P\u00f6ttmes 1919 e.V. - Kegelclub P\u00f6ttmes 1919 e.V.","isPartOf":{"@id":"https:\/\/kcpoettmes.de\/#website"},"primaryImageOfPage":{"@id":"https:\/\/kcpoettmes.de\/#primaryimage"},"image":{"@id":"https:\/\/kcpoettmes.de\/#primaryimage"},"thumbnailUrl":"https:\/\/kcpoettmes.de\/wp-content\/uploads\/2026\/04\/ggdfsf-1024x223.jpg","datePublished":"2022-05-25T09:34:21+00:00","dateModified":"2026-04-07T12:32:06+00:00","breadcrumb":{"@id":"https:\/\/kcpoettmes.de\/#breadcrumb"},"inLanguage":"de","potentialAction":[{"@type":"ReadAction","target":["https:\/\/kcpoettmes.de\/"]}]},{"@type":"ImageObject","inLanguage":"de","@id":"https:\/\/kcpoettmes.de\/#primaryimage","url":"https:\/\/kcpoettmes.de\/wp-content\/uploads\/2026\/04\/ggdfsf.jpg","contentUrl":"https:\/\/kcpoettmes.de\/wp-content\/uploads\/2026\/04\/ggdfsf.jpg","width":1888,"height":411},{"@type":"BreadcrumbList","@id":"https:\/\/kcpoettmes.de\/#breadcrumb","itemListElement":[{"@type":"ListItem","position":1,"name":"Startseite","item":"https:\/\/kcpoettmes.de\/"},{"@type":"ListItem","position":2,"name":"Kegelclub P\u00f6ttmes 1919 e.V."}]},{"@type":"WebSite","@id":"https:\/\/kcpoettmes.de\/#website","url":"https:\/\/kcpoettmes.de\/","name":"Kegelclub P\u00f6ttmes 1919 e.V.","description":"Just another WordPress site","publisher":{"@id":"https:\/\/kcpoettmes.de\/#organization"},"potentialAction":[{"@type":"SearchAction","target":{"@type":"EntryPoint","urlTemplate":"https:\/\/kcpoettmes.de\/?s={search_term_string}"},"query-input":{"@type":"PropertyValueSpecification","valueRequired":true,"valueName":"search_term_string"}}],"inLanguage":"de"},{"@type":"Organization","@id":"https:\/\/kcpoettmes.de\/#organization","name":"Kegelclub P\u00f6ttmes 1919 e.V.","url":"https:\/\/kcpoettmes.de\/","logo":{"@type":"ImageObject","inLanguage":"de","@id":"https:\/\/kcpoettmes.de\/#\/schema\/logo\/image\/","url":"https:\/\/kcpoettmes.de\/wp-content\/uploads\/2022\/05\/cropped-kc-headimage-e1653492162842.jpg","contentUrl":"https:\/\/kcpoettmes.de\/wp-content\/uploads\/2022\/05\/cropped-kc-headimage-e1653492162842.jpg","width":979,"height":155,"caption":"Kegelclub P\u00f6ttmes 1919 e.V."},"image":{"@id":"https:\/\/kcpoettmes.de\/#\/schema\/logo\/image\/"}}]}},"taxonomy_info":[],"featured_image_src_large":false,"author_info":{"display_name":"admin","author_link":"https:\/\/kcpoettmes.de\/?author=1"},"comment_info":0,"_links":{"self":[{"href":"https:\/\/kcpoettmes.de\/index.php?rest_route=\/wp\/v2\/pages\/2","targetHints":{"allow":["GET"]}}],"collection":[{"href":"https:\/\/kcpoettmes.de\/index.php?rest_route=\/wp\/v2\/pages"}],"about":[{"href":"https:\/\/kcpoettmes.de\/index.php?rest_route=\/wp\/v2\/types\/page"}],"author":[{"embeddable":true,"href":"https:\/\/kcpoettmes.de\/index.php?rest_route=\/wp\/v2\/users\/1"}],"replies":[{"embeddable":true,"href":"https:\/\/kcpoettmes.de\/index.php?rest_route=%2Fwp%2Fv2%2Fcomments&post=2"}],"version-history":[{"count":11,"href":"https:\/\/kcpoettmes.de\/index.php?rest_route=\/wp\/v2\/pages\/2\/revisions"}],"predecessor-version":[{"id":110,"href":"https:\/\/kcpoettmes.de\/index.php?rest_route=\/wp\/v2\/pages\/2\/revisions\/110"}],"wp:attachment":[{"href":"https:\/\/kcpoettmes.de\/index.php?rest_route=%2Fwp%2Fv2%2Fmedia&parent=2"}],"curies":[{"name":"wp","href":"https:\/\/api.w.org\/{rel}","templated":true}]}}