{"id":83,"date":"2026-04-07T11:48:01","date_gmt":"2026-04-07T11:48:01","guid":{"rendered":"https:\/\/kcpoettmes.de\/?page_id=83"},"modified":"2026-04-07T11:48:02","modified_gmt":"2026-04-07T11:48:02","slug":"weihnachtsfeier-2025","status":"publish","type":"page","link":"https:\/\/kcpoettmes.de\/?page_id=83","title":{"rendered":"Weihnachtsfeier 2025"},"content":{"rendered":"\n<figure class=\"wp-block-image size-large\"><img loading=\"lazy\" decoding=\"async\" width=\"1024\" height=\"586\" src=\"https:\/\/kcpoettmes.de\/wp-content\/uploads\/2026\/04\/20251206_163016-1024x586.jpg\" alt=\"\" class=\"wp-image-41\" srcset=\"https:\/\/kcpoettmes.de\/wp-content\/uploads\/2026\/04\/20251206_163016-1024x586.jpg 1024w, https:\/\/kcpoettmes.de\/wp-content\/uploads\/2026\/04\/20251206_163016-300x172.jpg 300w, https:\/\/kcpoettmes.de\/wp-content\/uploads\/2026\/04\/20251206_163016-768x439.jpg 768w, https:\/\/kcpoettmes.de\/wp-content\/uploads\/2026\/04\/20251206_163016-1536x879.jpg 1536w, https:\/\/kcpoettmes.de\/wp-content\/uploads\/2026\/04\/20251206_163016-2048x1172.jpg 2048w\" sizes=\"auto, (max-width: 1024px) 100vw, 1024px\" \/><\/figure>\n\n\n\n<p class=\"has-text-align-center\">Auch in diesem Jahr gab es wieder eine gro\u00dfe Auswahl an Preisen f\u00fcr unser Weihnachtskegeln<\/p>\n\n\n\n<figure class=\"wp-block-image size-large\"><img loading=\"lazy\" decoding=\"async\" width=\"1024\" height=\"584\" src=\"https:\/\/kcpoettmes.de\/wp-content\/uploads\/2026\/04\/20251206_164440-1024x584.jpg\" alt=\"\" class=\"wp-image-42\" srcset=\"https:\/\/kcpoettmes.de\/wp-content\/uploads\/2026\/04\/20251206_164440-1024x584.jpg 1024w, https:\/\/kcpoettmes.de\/wp-content\/uploads\/2026\/04\/20251206_164440-300x171.jpg 300w, https:\/\/kcpoettmes.de\/wp-content\/uploads\/2026\/04\/20251206_164440-768x438.jpg 768w, https:\/\/kcpoettmes.de\/wp-content\/uploads\/2026\/04\/20251206_164440-1536x877.jpg 1536w, https:\/\/kcpoettmes.de\/wp-content\/uploads\/2026\/04\/20251206_164440-2048x1169.jpg 2048w\" sizes=\"auto, (max-width: 1024px) 100vw, 1024px\" \/><\/figure>\n\n\n\n<figure class=\"wp-block-image size-large\"><img loading=\"lazy\" decoding=\"async\" width=\"1024\" height=\"578\" src=\"https:\/\/kcpoettmes.de\/wp-content\/uploads\/2026\/04\/20251206_164451-1024x578.jpg\" alt=\"\" class=\"wp-image-43\" srcset=\"https:\/\/kcpoettmes.de\/wp-content\/uploads\/2026\/04\/20251206_164451-1024x578.jpg 1024w, https:\/\/kcpoettmes.de\/wp-content\/uploads\/2026\/04\/20251206_164451-300x169.jpg 300w, https:\/\/kcpoettmes.de\/wp-content\/uploads\/2026\/04\/20251206_164451-768x433.jpg 768w, https:\/\/kcpoettmes.de\/wp-content\/uploads\/2026\/04\/20251206_164451-1536x867.jpg 1536w, https:\/\/kcpoettmes.de\/wp-content\/uploads\/2026\/04\/20251206_164451-2048x1156.jpg 2048w\" sizes=\"auto, (max-width: 1024px) 100vw, 1024px\" \/><\/figure>\n\n\n\n<p><\/p>\n","protected":false},"excerpt":{"rendered":"<p>Auch in diesem Jahr gab es wieder eine gro\u00dfe Auswahl an Preisen f\u00fcr unser Weihnachtskegeln<\/p>\n","protected":false},"author":1,"featured_media":0,"parent":0,"menu_order":0,"comment_status":"closed","ping_status":"closed","template":"","meta":{"_kad_blocks_custom_css":"","_kad_blocks_head_custom_js":"","_kad_blocks_body_custom_js":"","_kad_blocks_footer_custom_js":"","_kad_post_transparent":"","_kad_post_title":"","_kad_post_layout":"","_kad_post_sidebar_id":"","_kad_post_content_style":"","_kad_post_vertical_padding":"","_kad_post_feature":"","_kad_post_feature_position":"","_kad_post_header":false,"_kad_post_footer":false,"_kad_post_classname":"","footnotes":""},"class_list":["post-83","page","type-page","status-publish","hentry"],"yoast_head":"<!-- This site is optimized with the Yoast SEO plugin v27.3 - https:\/\/yoast.com\/product\/yoast-seo-wordpress\/ -->\n<title>Weihnachtsfeier 2025 - Kegelclub P\u00f6ttmes 1919 e.V.<\/title>\n<meta name=\"robots\" content=\"index, follow, max-snippet:-1, max-image-preview:large, max-video-preview:-1\" \/>\n<link rel=\"canonical\" href=\"https:\/\/kcpoettmes.de\/?page_id=83\" \/>\n<meta property=\"og:locale\" content=\"de_DE\" \/>\n<meta property=\"og:type\" content=\"article\" \/>\n<meta property=\"og:title\" content=\"Weihnachtsfeier 2025 - Kegelclub P\u00f6ttmes 1919 e.V.\" \/>\n<meta property=\"og:description\" content=\"Auch in diesem Jahr gab es wieder eine gro\u00dfe Auswahl an Preisen f\u00fcr unser Weihnachtskegeln\" \/>\n<meta property=\"og:url\" content=\"https:\/\/kcpoettmes.de\/?page_id=83\" \/>\n<meta property=\"og:site_name\" content=\"Kegelclub P\u00f6ttmes 1919 e.V.\" \/>\n<meta property=\"article:modified_time\" content=\"2026-04-07T11:48:02+00:00\" \/>\n<meta property=\"og:image\" content=\"https:\/\/kcpoettmes.de\/wp-content\/uploads\/2026\/04\/20251206_163016-scaled.jpg\" \/>\n\t<meta property=\"og:image:width\" content=\"2560\" \/>\n\t<meta property=\"og:image:height\" content=\"1465\" \/>\n\t<meta property=\"og:image:type\" content=\"image\/jpeg\" \/>\n<meta name=\"twitter:card\" content=\"summary_large_image\" \/>\n<meta name=\"twitter:label1\" content=\"Gesch\u00e4tzte Lesezeit\" \/>\n\t<meta name=\"twitter:data1\" content=\"1\u00a0Minute\" \/>\n<script type=\"application\/ld+json\" class=\"yoast-schema-graph\">{\"@context\":\"https:\\\/\\\/schema.org\",\"@graph\":[{\"@type\":\"WebPage\",\"@id\":\"https:\\\/\\\/kcpoettmes.de\\\/?page_id=83\",\"url\":\"https:\\\/\\\/kcpoettmes.de\\\/?page_id=83\",\"name\":\"Weihnachtsfeier 2025 - Kegelclub P\u00f6ttmes 1919 e.V.\",\"isPartOf\":{\"@id\":\"https:\\\/\\\/kcpoettmes.de\\\/#website\"},\"primaryImageOfPage\":{\"@id\":\"https:\\\/\\\/kcpoettmes.de\\\/?page_id=83#primaryimage\"},\"image\":{\"@id\":\"https:\\\/\\\/kcpoettmes.de\\\/?page_id=83#primaryimage\"},\"thumbnailUrl\":\"https:\\\/\\\/kcpoettmes.de\\\/wp-content\\\/uploads\\\/2026\\\/04\\\/20251206_163016-1024x586.jpg\",\"datePublished\":\"2026-04-07T11:48:01+00:00\",\"dateModified\":\"2026-04-07T11:48:02+00:00\",\"breadcrumb\":{\"@id\":\"https:\\\/\\\/kcpoettmes.de\\\/?page_id=83#breadcrumb\"},\"inLanguage\":\"de\",\"potentialAction\":[{\"@type\":\"ReadAction\",\"target\":[\"https:\\\/\\\/kcpoettmes.de\\\/?page_id=83\"]}]},{\"@type\":\"ImageObject\",\"inLanguage\":\"de\",\"@id\":\"https:\\\/\\\/kcpoettmes.de\\\/?page_id=83#primaryimage\",\"url\":\"https:\\\/\\\/kcpoettmes.de\\\/wp-content\\\/uploads\\\/2026\\\/04\\\/20251206_163016-scaled.jpg\",\"contentUrl\":\"https:\\\/\\\/kcpoettmes.de\\\/wp-content\\\/uploads\\\/2026\\\/04\\\/20251206_163016-scaled.jpg\",\"width\":2560,\"height\":1465},{\"@type\":\"BreadcrumbList\",\"@id\":\"https:\\\/\\\/kcpoettmes.de\\\/?page_id=83#breadcrumb\",\"itemListElement\":[{\"@type\":\"ListItem\",\"position\":1,\"name\":\"Startseite\",\"item\":\"https:\\\/\\\/kcpoettmes.de\\\/\"},{\"@type\":\"ListItem\",\"position\":2,\"name\":\"Weihnachtsfeier 2025\"}]},{\"@type\":\"WebSite\",\"@id\":\"https:\\\/\\\/kcpoettmes.de\\\/#website\",\"url\":\"https:\\\/\\\/kcpoettmes.de\\\/\",\"name\":\"Kegelclub P\u00f6ttmes 1919 e.V.\",\"description\":\"Just another WordPress site\",\"publisher\":{\"@id\":\"https:\\\/\\\/kcpoettmes.de\\\/#organization\"},\"potentialAction\":[{\"@type\":\"SearchAction\",\"target\":{\"@type\":\"EntryPoint\",\"urlTemplate\":\"https:\\\/\\\/kcpoettmes.de\\\/?s={search_term_string}\"},\"query-input\":{\"@type\":\"PropertyValueSpecification\",\"valueRequired\":true,\"valueName\":\"search_term_string\"}}],\"inLanguage\":\"de\"},{\"@type\":\"Organization\",\"@id\":\"https:\\\/\\\/kcpoettmes.de\\\/#organization\",\"name\":\"Kegelclub P\u00f6ttmes 1919 e.V.\",\"url\":\"https:\\\/\\\/kcpoettmes.de\\\/\",\"logo\":{\"@type\":\"ImageObject\",\"inLanguage\":\"de\",\"@id\":\"https:\\\/\\\/kcpoettmes.de\\\/#\\\/schema\\\/logo\\\/image\\\/\",\"url\":\"https:\\\/\\\/kcpoettmes.de\\\/wp-content\\\/uploads\\\/2022\\\/05\\\/cropped-kc-headimage-e1653492162842.jpg\",\"contentUrl\":\"https:\\\/\\\/kcpoettmes.de\\\/wp-content\\\/uploads\\\/2022\\\/05\\\/cropped-kc-headimage-e1653492162842.jpg\",\"width\":979,\"height\":155,\"caption\":\"Kegelclub P\u00f6ttmes 1919 e.V.\"},\"image\":{\"@id\":\"https:\\\/\\\/kcpoettmes.de\\\/#\\\/schema\\\/logo\\\/image\\\/\"}}]}<\/script>\n<!-- \/ Yoast SEO plugin. -->","yoast_head_json":{"title":"Weihnachtsfeier 2025 - Kegelclub P\u00f6ttmes 1919 e.V.","robots":{"index":"index","follow":"follow","max-snippet":"max-snippet:-1","max-image-preview":"max-image-preview:large","max-video-preview":"max-video-preview:-1"},"canonical":"https:\/\/kcpoettmes.de\/?page_id=83","og_locale":"de_DE","og_type":"article","og_title":"Weihnachtsfeier 2025 - Kegelclub P\u00f6ttmes 1919 e.V.","og_description":"Auch in diesem Jahr gab es wieder eine gro\u00dfe Auswahl an Preisen f\u00fcr unser Weihnachtskegeln","og_url":"https:\/\/kcpoettmes.de\/?page_id=83","og_site_name":"Kegelclub P\u00f6ttmes 1919 e.V.","article_modified_time":"2026-04-07T11:48:02+00:00","og_image":[{"width":2560,"height":1465,"url":"https:\/\/kcpoettmes.de\/wp-content\/uploads\/2026\/04\/20251206_163016-scaled.jpg","type":"image\/jpeg"}],"twitter_card":"summary_large_image","twitter_misc":{"Gesch\u00e4tzte Lesezeit":"1\u00a0Minute"},"schema":{"@context":"https:\/\/schema.org","@graph":[{"@type":"WebPage","@id":"https:\/\/kcpoettmes.de\/?page_id=83","url":"https:\/\/kcpoettmes.de\/?page_id=83","name":"Weihnachtsfeier 2025 - Kegelclub P\u00f6ttmes 1919 e.V.","isPartOf":{"@id":"https:\/\/kcpoettmes.de\/#website"},"primaryImageOfPage":{"@id":"https:\/\/kcpoettmes.de\/?page_id=83#primaryimage"},"image":{"@id":"https:\/\/kcpoettmes.de\/?page_id=83#primaryimage"},"thumbnailUrl":"https:\/\/kcpoettmes.de\/wp-content\/uploads\/2026\/04\/20251206_163016-1024x586.jpg","datePublished":"2026-04-07T11:48:01+00:00","dateModified":"2026-04-07T11:48:02+00:00","breadcrumb":{"@id":"https:\/\/kcpoettmes.de\/?page_id=83#breadcrumb"},"inLanguage":"de","potentialAction":[{"@type":"ReadAction","target":["https:\/\/kcpoettmes.de\/?page_id=83"]}]},{"@type":"ImageObject","inLanguage":"de","@id":"https:\/\/kcpoettmes.de\/?page_id=83#primaryimage","url":"https:\/\/kcpoettmes.de\/wp-content\/uploads\/2026\/04\/20251206_163016-scaled.jpg","contentUrl":"https:\/\/kcpoettmes.de\/wp-content\/uploads\/2026\/04\/20251206_163016-scaled.jpg","width":2560,"height":1465},{"@type":"BreadcrumbList","@id":"https:\/\/kcpoettmes.de\/?page_id=83#breadcrumb","itemListElement":[{"@type":"ListItem","position":1,"name":"Startseite","item":"https:\/\/kcpoettmes.de\/"},{"@type":"ListItem","position":2,"name":"Weihnachtsfeier 2025"}]},{"@type":"WebSite","@id":"https:\/\/kcpoettmes.de\/#website","url":"https:\/\/kcpoettmes.de\/","name":"Kegelclub P\u00f6ttmes 1919 e.V.","description":"Just another WordPress site","publisher":{"@id":"https:\/\/kcpoettmes.de\/#organization"},"potentialAction":[{"@type":"SearchAction","target":{"@type":"EntryPoint","urlTemplate":"https:\/\/kcpoettmes.de\/?s={search_term_string}"},"query-input":{"@type":"PropertyValueSpecification","valueRequired":true,"valueName":"search_term_string"}}],"inLanguage":"de"},{"@type":"Organization","@id":"https:\/\/kcpoettmes.de\/#organization","name":"Kegelclub P\u00f6ttmes 1919 e.V.","url":"https:\/\/kcpoettmes.de\/","logo":{"@type":"ImageObject","inLanguage":"de","@id":"https:\/\/kcpoettmes.de\/#\/schema\/logo\/image\/","url":"https:\/\/kcpoettmes.de\/wp-content\/uploads\/2022\/05\/cropped-kc-headimage-e1653492162842.jpg","contentUrl":"https:\/\/kcpoettmes.de\/wp-content\/uploads\/2022\/05\/cropped-kc-headimage-e1653492162842.jpg","width":979,"height":155,"caption":"Kegelclub P\u00f6ttmes 1919 e.V."},"image":{"@id":"https:\/\/kcpoettmes.de\/#\/schema\/logo\/image\/"}}]}},"taxonomy_info":[],"featured_image_src_large":false,"author_info":{"display_name":"admin","author_link":"https:\/\/kcpoettmes.de\/?author=1"},"comment_info":0,"_links":{"self":[{"href":"https:\/\/kcpoettmes.de\/index.php?rest_route=\/wp\/v2\/pages\/83","targetHints":{"allow":["GET"]}}],"collection":[{"href":"https:\/\/kcpoettmes.de\/index.php?rest_route=\/wp\/v2\/pages"}],"about":[{"href":"https:\/\/kcpoettmes.de\/index.php?rest_route=\/wp\/v2\/types\/page"}],"author":[{"embeddable":true,"href":"https:\/\/kcpoettmes.de\/index.php?rest_route=\/wp\/v2\/users\/1"}],"replies":[{"embeddable":true,"href":"https:\/\/kcpoettmes.de\/index.php?rest_route=%2Fwp%2Fv2%2Fcomments&post=83"}],"version-history":[{"count":1,"href":"https:\/\/kcpoettmes.de\/index.php?rest_route=\/wp\/v2\/pages\/83\/revisions"}],"predecessor-version":[{"id":84,"href":"https:\/\/kcpoettmes.de\/index.php?rest_route=\/wp\/v2\/pages\/83\/revisions\/84"}],"wp:attachment":[{"href":"https:\/\/kcpoettmes.de\/index.php?rest_route=%2Fwp%2Fv2%2Fmedia&parent=83"}],"curies":[{"name":"wp","href":"https:\/\/api.w.org\/{rel}","templated":true}]}}